{"id":5,"date":"2012-02-15T12:49:41","date_gmt":"2012-02-15T12:49:41","guid":{"rendered":"http:\/\/85.17.83.204\/~nsikarco\/?page_id=5"},"modified":"2024-06-03T19:40:10","modified_gmt":"2024-06-03T17:40:10","slug":"maketarski-klub-novosadski-ikar-o-klubu","status":"publish","type":"page","link":"https:\/\/www.nsikar.com\/?page_id=5","title":{"rendered":"O Klubu"},"content":{"rendered":"<p><a href=\"http:\/\/85.17.83.204\/~nsikarco\/wp-content\/uploads\/2012\/02\/aero-klub-grb_s.jpg\"><img loading=\"lazy\" decoding=\"async\" class=\"wp-image-6 alignleft\" title=\"aero klub grb_s\" src=\"http:\/\/85.17.83.204\/~nsikarco\/wp-content\/uploads\/2012\/02\/aero-klub-grb_s.jpg\" alt=\"\" width=\"107\" height=\"95\"><\/a> Maketarski klub \u201cNovosadski Ikar\u201d odlukom osniva\u010dke skup\u0161tine novosadskih maketara osnovan je 16. Januara 2012.god. u Novom Sadu. Planira da svoj rad usmeri na rad sa mladima kao i da nadalje organizuje tradicionalno maketarsko takmicenje \u201cNovosasdski Ikar\u201d.<br \/>\nMaketarski klub \u201cNovosadski Ikar\u201d osnovan je da nastavi rad Maketarske sekcije koja je radila pri&nbsp; Aeroklubu \u201cNovi Sad\u201d , a osnovana je 13. Marta 1989. god.<br \/>\na u to vreme je to bio Aeroklub&nbsp; \u201cHeroj Pinki\u201d<br \/>\nMaketarska sekcija je u dosada\u0161njem radu organizovala veliki broj izlo\u017ebi kao i 17 maketarskih takmi\u010denja.<br \/>\nPrvo takmi\u010denje je odrzano 18. Decembra 1993.god. u muzeju Vojvodine povodom obele\u017eavanja 70. godi\u0161njice Aerokluba Novi Sad, 40. godi\u0161njice aerodroma \u010cenej i 90. godi\u0161njice prvog leta avionom bra\u0107e Wright.<br \/>\nZbog problema u koje&nbsp; je Aeroklub&nbsp; \u201cNovi Sad\u201d zapao zadnjih godina, \u010dlanovi sekcije su odlu\u010dili da registruju svoj Maketarski klub kako bi bili efikasniji&nbsp; u svom radu.<\/p>\n<p>Sastanci \u010dlanova kluba se odr\u017eavaju svakog ponedeljka od 18h u prostorijama kluba&nbsp;koje se nalaze na adresi <a title=\"lokacija i kontakt\" href=\"http:\/\/www.nsikar.com\/?page_id=133\">\u0106irpanova 33 (ulaz iz Takovske)<\/a>&nbsp;u Novom Sadu. Kolege maketare i sve ljubitelje ovog plemenitog hobija&nbsp; srda\u010dno o\u010dekujemo da do\u0111u i svojim prisustvom uveli\u010daju na\u0161a okupljanja.<\/p>\n<div id=\"attachment_20\" style=\"width: 810px\" class=\"wp-caption aligncenter\"><a href=\"http:\/\/nsikar.com\/wp-content\/uploads\/2012\/02\/ikar-1993s_resize.jpg\"><img loading=\"lazy\" decoding=\"async\" aria-describedby=\"caption-attachment-20\" class=\"size-full wp-image-20\" title=\"NS Ikar 1993\" src=\"http:\/\/nsikar.com\/wp-content\/uploads\/2012\/02\/ikar-1993s_resize.jpg\" alt=\"\" width=\"800\" height=\"534\" srcset=\"https:\/\/www.nsikar.com\/wp-content\/uploads\/2012\/02\/ikar-1993s_resize.jpg 800w, https:\/\/www.nsikar.com\/wp-content\/uploads\/2012\/02\/ikar-1993s_resize-300x200.jpg 300w\" sizes=\"auto, (max-width: 800px) 100vw, 800px\" \/><\/a><p id=\"caption-attachment-20\" class=\"wp-caption-text\">NS Ikar 1993, Muzej Vojvodine<\/p><\/div>\n<div id=\"attachment_23\" style=\"width: 810px\" class=\"wp-caption aligncenter\"><a href=\"http:\/\/nsikar.com\/wp-content\/uploads\/2012\/02\/Untitled-18_resize.jpg\"><img loading=\"lazy\" decoding=\"async\" aria-describedby=\"caption-attachment-23\" class=\"size-full wp-image-23\" title=\"NS Ikar 1993\" src=\"http:\/\/nsikar.com\/wp-content\/uploads\/2012\/02\/Untitled-18_resize.jpg\" alt=\"\" width=\"800\" height=\"533\" srcset=\"https:\/\/www.nsikar.com\/wp-content\/uploads\/2012\/02\/Untitled-18_resize.jpg 800w, https:\/\/www.nsikar.com\/wp-content\/uploads\/2012\/02\/Untitled-18_resize-300x199.jpg 300w\" sizes=\"auto, (max-width: 800px) 100vw, 800px\" \/><\/a><p id=\"caption-attachment-23\" class=\"wp-caption-text\">NS Ikar 1993, Muzej Vojvodine<\/p><\/div>\n<div id=\"attachment_456\" style=\"width: 810px\" class=\"wp-caption aligncenter\"><a href=\"http:\/\/nsikar.com\/wp-content\/uploads\/2012\/02\/ns-ikar-izlozba-jna1.jpg\"><img loading=\"lazy\" decoding=\"async\" aria-describedby=\"caption-attachment-456\" class=\"size-full wp-image-456   \" title=\"NS Ikar izlozba, Dom Vojske \" src=\"http:\/\/nsikar.com\/wp-content\/uploads\/2012\/02\/ns-ikar-izlozba-jna1.jpg\" alt=\"\" width=\"800\" height=\"544\" srcset=\"https:\/\/www.nsikar.com\/wp-content\/uploads\/2012\/02\/ns-ikar-izlozba-jna1.jpg 800w, https:\/\/www.nsikar.com\/wp-content\/uploads\/2012\/02\/ns-ikar-izlozba-jna1-300x204.jpg 300w\" sizes=\"auto, (max-width: 800px) 100vw, 800px\" \/><\/a><p id=\"caption-attachment-456\" class=\"wp-caption-text\">NS Ikar izlo\u017eba, Dom Vojske u Novom sadu<\/p><\/div>\n<div id=\"attachment_459\" style=\"width: 810px\" class=\"wp-caption aligncenter\"><a href=\"http:\/\/nsikar.com\/wp-content\/uploads\/2012\/02\/ns-ikar-u-klubu1.jpg\"><img loading=\"lazy\" decoding=\"async\" aria-describedby=\"caption-attachment-459\" class=\"size-full wp-image-459 \" title=\"prostorije Aerokluba &quot;Novi Sad&quot;\" src=\"http:\/\/nsikar.com\/wp-content\/uploads\/2012\/02\/ns-ikar-u-klubu1.jpg\" alt=\"\" width=\"800\" height=\"567\" srcset=\"https:\/\/www.nsikar.com\/wp-content\/uploads\/2012\/02\/ns-ikar-u-klubu1.jpg 800w, https:\/\/www.nsikar.com\/wp-content\/uploads\/2012\/02\/ns-ikar-u-klubu1-300x212.jpg 300w\" sizes=\"auto, (max-width: 800px) 100vw, 800px\" \/><\/a><p id=\"caption-attachment-459\" class=\"wp-caption-text\">u prostorijama Aerokluba &#8220;Novi Sad&#8221;<\/p><\/div>\n","protected":false},"excerpt":{"rendered":"<p>Maketarski klub \u201cNovosadski Ikar\u201d odlukom osniva\u010dke skup\u0161tine novosadskih maketara osnovan je 16. Januara 2012.god. u Novom Sadu. Planira da svoj rad usmeri na rad sa mladima kao i da nadalje organizuje tradicionalno maketarsko takmicenje \u201cNovosasdski Ikar\u201d. Maketarski klub \u201cNovosadski Ikar\u201d osnovan je da nastavi rad Maketarske sekcije koja je radila pri&nbsp; Aeroklubu \u201cNovi Sad\u201d , <a href='https:\/\/www.nsikar.com\/?page_id=5' class='excerpt-more'>[&#8230;]<\/a><\/p>\n","protected":false},"author":1,"featured_media":0,"parent":0,"menu_order":0,"comment_status":"closed","ping_status":"closed","template":"","meta":{"ngg_post_thumbnail":0,"footnotes":""},"class_list":["post-5","page","type-page","status-publish","hentry","post-seq-1","post-parity-odd","meta-position-corners","fix"],"_links":{"self":[{"href":"https:\/\/www.nsikar.com\/index.php?rest_route=\/wp\/v2\/pages\/5","targetHints":{"allow":["GET"]}}],"collection":[{"href":"https:\/\/www.nsikar.com\/index.php?rest_route=\/wp\/v2\/pages"}],"about":[{"href":"https:\/\/www.nsikar.com\/index.php?rest_route=\/wp\/v2\/types\/page"}],"author":[{"embeddable":true,"href":"https:\/\/www.nsikar.com\/index.php?rest_route=\/wp\/v2\/users\/1"}],"replies":[{"embeddable":true,"href":"https:\/\/www.nsikar.com\/index.php?rest_route=%2Fwp%2Fv2%2Fcomments&post=5"}],"version-history":[{"count":51,"href":"https:\/\/www.nsikar.com\/index.php?rest_route=\/wp\/v2\/pages\/5\/revisions"}],"predecessor-version":[{"id":3456,"href":"https:\/\/www.nsikar.com\/index.php?rest_route=\/wp\/v2\/pages\/5\/revisions\/3456"}],"wp:attachment":[{"href":"https:\/\/www.nsikar.com\/index.php?rest_route=%2Fwp%2Fv2%2Fmedia&parent=5"}],"curies":[{"name":"wp","href":"https:\/\/api.w.org\/{rel}","templated":true}]}}