{"id":2058,"date":"2013-11-27T16:36:40","date_gmt":"2013-11-27T14:36:40","guid":{"rendered":"http:\/\/www.nsikar.com\/?page_id=2058"},"modified":"2013-11-27T22:42:20","modified_gmt":"2013-11-27T20:42:20","slug":"ns-ikar-2013","status":"publish","type":"page","link":"https:\/\/www.nsikar.com\/?page_id=2058","title":{"rendered":"NS Ikar 2013"},"content":{"rendered":"<p><a href=\"http:\/\/www.nsikar.com\/wp-content\/uploads\/ngg_featured\/15-ns-ikar_102.jpg\"><img loading=\"lazy\" decoding=\"async\" alt=\"15-ns-ikar_102\" src=\"http:\/\/www.nsikar.com\/wp-content\/uploads\/ngg_featured\/15-ns-ikar_102.jpg\" width=\"800\" height=\"534\" \/><\/a>Na 20 godina od na\u0161eg prvog takmi\u010denja, 2. novembra 2013. god. odr\u017eao se jubilarni 15. &#8220;Novosadski Ikar&#8221; u tehni\u010dkoj \u0161koli &#8220;Mileva Mari\u0107 Ajn\u0161tajn&#8221; u Novom Sadu. U svojoj dugogodi\u0161njoj \u00a0tradiciji &#8220;Novosadski Ikar&#8221; je uvek privla\u010dio veliki \u00a0broj u\u010desnika i posetioca koji ni ovom prilikom nisu izostali kao ni dobro raspolo\u017eenje u\u010desnika, razmena iskustava i dobro dru\u017eenje<br \/>\n<a href=\"http:\/\/www.nsikar.com\/wp-content\/uploads\/2013\/11\/15-NS-Ikar_100.jpg\"><img loading=\"lazy\" decoding=\"async\" alt=\"15 NS Ikar_100\" src=\"http:\/\/www.nsikar.com\/wp-content\/uploads\/2013\/11\/15-NS-Ikar_100.jpg\" width=\"800\" height=\"534\" \/><\/a>Na takmi\u010denju je bilo prijavljeno 365 takmi\u010darskih i oko 350 izlo\u017ebenih maketa.<br \/>\nU\u010destvovalo je ukupno 108 takmi\u010dara iz Hrvatske, Slovenije, Madjarske \u00a0i Srbije od \u010dega je bilo 31 Juniora i Kadeta sa 79 maketa i 77 Senior sa 286 maketa.<\/p>\n<p>U izlo\u017ebenom delu su bili prisutni svi klubovi \u010dlanovi Maketarskog Saveza Srbije sa izlo\u017ebenim stolovima i velikim brojem maketa.<a href=\"http:\/\/www.nsikar.com\/wp-content\/uploads\/2013\/11\/15-NS-Ikar_091.jpg\"><img loading=\"lazy\" decoding=\"async\" alt=\"15 NS Ikar_091\" src=\"http:\/\/www.nsikar.com\/wp-content\/uploads\/2013\/11\/15-NS-Ikar_091.jpg\" width=\"800\" height=\"536\" \/><\/a><a href=\"http:\/\/www.nsikar.com\/wp-content\/uploads\/2013\/11\/15-NS-Ikar_105.jpg\"><img loading=\"lazy\" decoding=\"async\" alt=\"15 NS Ikar_105\" src=\"http:\/\/www.nsikar.com\/wp-content\/uploads\/2013\/11\/15-NS-Ikar_105.jpg\" width=\"800\" height=\"600\" \/><\/a><a href=\"http:\/\/www.nsikar.com\/wp-content\/uploads\/2013\/11\/15-NS-Ikar_046.jpg\"><img loading=\"lazy\" decoding=\"async\" alt=\"15 NS Ikar_046\" src=\"http:\/\/www.nsikar.com\/wp-content\/uploads\/2013\/11\/15-NS-Ikar_046.jpg\" width=\"800\" height=\"536\" \/><\/a><\/p>\n<p><a href=\"http:\/\/www.nsikar.com\/wp-content\/uploads\/2013\/11\/IMG_7675.jpg\"><img loading=\"lazy\" decoding=\"async\" class=\"alignleft\" alt=\"IMG_7675\" src=\"http:\/\/www.nsikar.com\/wp-content\/uploads\/2013\/11\/IMG_7675.jpg\" width=\"240\" height=\"360\" \/><\/a><\/p>\n<p>Na ovom takmi\u010denju posebno smo obratili pa\u017enju i zahvalili se ljudima \u00a0koji su osnovali maketarsku sekciju pri AK Novi Sad davne 1989.god i pokrenuli na\u0161e takmi\u010denje 1993.god i ljudima \u00a0koji su svojim nesebi\u010dnim radom i zalaganjem omogu\u0107ili da ova manifestacija traje. To su: Milan Vere\u0161, Galovi\u0107 Tomislav, Paka\u0161ki Radoslav, Pavle Pavlovi\u0107, Neboj\u0161a Gaji\u0107, \u017deljko Vuleti\u0107, Ilin Sini\u0161a, Ivan Kukurov, Rada Ka\u0107anski.<br \/>\n<a href=\"http:\/\/www.nsikar.com\/wp-content\/uploads\/2013\/11\/15-NS-Ikar_092.jpg\"><img loading=\"lazy\" decoding=\"async\" alt=\"15 NS Ikar_092\" src=\"http:\/\/www.nsikar.com\/wp-content\/uploads\/2013\/11\/15-NS-Ikar_092-300x199.jpg\" width=\"270\" height=\"179\" \/><\/a><\/p>\n<p>Ovom prilikom Maketarski klub \u201cNovosadski Ikar\u201d se zahvaljuje svim takmi\u010darima, izlaga\u010dima, posetiocima, \u010dlanovima i prijateljima kluba koji su doprineli u organizaciji i realizaciji takmi\u010denja.<br \/>\nManifestaciju su pomogli Grad Novi Sad i Vazduhoplovni Savez Vojvodine.<\/p>\n<p style=\"text-align: center;\"><a href=\"http:\/\/www.nsikar.com\/wp-content\/uploads\/2013\/11\/15-NS-Ikar_181.jpg\"><img loading=\"lazy\" decoding=\"async\" class=\"aligncenter\" alt=\"15 NS Ikar_181\" src=\"http:\/\/www.nsikar.com\/wp-content\/uploads\/2013\/11\/15-NS-Ikar_181-300x200.jpg\" width=\"300\" height=\"200\" \/><\/a>&#8220;Novosadki Ikar&#8221; za najbolje uradjenu maketu vazduhoplova \u00a0je osvojio je Tama\u0161 Palenik sa maketom<br \/>\nF-100 Super Sabre u 1\/48<\/p>\n<p style=\"text-align: center;\"><a href=\"http:\/\/www.nsikar.com\/wp-content\/gallery\/15-ns-ikar\/15-ns-ikar_112.jpg\"><img loading=\"lazy\" decoding=\"async\" class=\"aligncenter\" alt=\"15 NS Ikar_112\" src=\"http:\/\/www.nsikar.com\/wp-content\/uploads\/2013\/11\/15-NS-Ikar_112-300x200.jpg\" width=\"300\" height=\"200\" \/><\/a>\u00a0&#8220;Novosadski top&#8221; za najbolju maketu u istorijskim minijaturama osvojio je Ivan Risti\u0107 sa maketom<br \/>\nhaubice M65\/155 u 1\/35<\/p>\n<p>&nbsp;<\/p>\n<p style=\"text-align: center;\"><a href=\"http:\/\/www.nsikar.com\/wp-content\/uploads\/2013\/11\/takmicenje-2013 rezultati 4.htm\"><img loading=\"lazy\" decoding=\"async\" class=\"aligncenter\" alt=\"rezultati_th\" src=\"http:\/\/www.nsikar.com\/wp-content\/uploads\/2012\/02\/rezultati_th.jpg\" width=\"55\" height=\"100\" \/>REZULTATI<\/a><\/p>\n<p style=\"text-align: center;\">\u00a0<a href=\"http:\/\/www.nsikar.com\/?page_id=2055\"><img loading=\"lazy\" decoding=\"async\" class=\"aligncenter\" alt=\"15 NS Ikar_269\" src=\"http:\/\/www.nsikar.com\/wp-content\/uploads\/2013\/11\/15-NS-Ikar_269-300x225.jpg\" width=\"300\" height=\"225\" \/>FOTOGRAFIJE<\/a><\/p>\n<p>&nbsp;<\/p>\n","protected":false},"excerpt":{"rendered":"<p>Na 20 godina od na\u0161eg prvog takmi\u010denja, 2. novembra 2013. god. odr\u017eao se jubilarni 15. &#8220;Novosadski Ikar&#8221; u tehni\u010dkoj \u0161koli &#8220;Mileva Mari\u0107 Ajn\u0161tajn&#8221; u Novom Sadu. U svojoj dugogodi\u0161njoj \u00a0tradiciji &#8220;Novosadski Ikar&#8221; je uvek privla\u010dio veliki \u00a0broj u\u010desnika i posetioca koji ni ovom prilikom nisu izostali kao ni dobro raspolo\u017eenje u\u010desnika, razmena iskustava i dobro <a href='https:\/\/www.nsikar.com\/?page_id=2058' class='excerpt-more'>[&#8230;]<\/a><\/p>\n","protected":false},"author":1,"featured_media":0,"parent":58,"menu_order":0,"comment_status":"closed","ping_status":"closed","template":"","meta":{"ngg_post_thumbnail":0,"footnotes":""},"class_list":["post-2058","page","type-page","status-publish","hentry","post-seq-1","post-parity-odd","meta-position-corners","fix"],"_links":{"self":[{"href":"https:\/\/www.nsikar.com\/index.php?rest_route=\/wp\/v2\/pages\/2058","targetHints":{"allow":["GET"]}}],"collection":[{"href":"https:\/\/www.nsikar.com\/index.php?rest_route=\/wp\/v2\/pages"}],"about":[{"href":"https:\/\/www.nsikar.com\/index.php?rest_route=\/wp\/v2\/types\/page"}],"author":[{"embeddable":true,"href":"https:\/\/www.nsikar.com\/index.php?rest_route=\/wp\/v2\/users\/1"}],"replies":[{"embeddable":true,"href":"https:\/\/www.nsikar.com\/index.php?rest_route=%2Fwp%2Fv2%2Fcomments&post=2058"}],"version-history":[{"count":12,"href":"https:\/\/www.nsikar.com\/index.php?rest_route=\/wp\/v2\/pages\/2058\/revisions"}],"predecessor-version":[{"id":2099,"href":"https:\/\/www.nsikar.com\/index.php?rest_route=\/wp\/v2\/pages\/2058\/revisions\/2099"}],"up":[{"embeddable":true,"href":"https:\/\/www.nsikar.com\/index.php?rest_route=\/wp\/v2\/pages\/58"}],"wp:attachment":[{"href":"https:\/\/www.nsikar.com\/index.php?rest_route=%2Fwp%2Fv2%2Fmedia&parent=2058"}],"curies":[{"name":"wp","href":"https:\/\/api.w.org\/{rel}","templated":true}]}}