{"id":179,"date":"2012-02-16T08:03:29","date_gmt":"2012-02-16T08:03:29","guid":{"rendered":"http:\/\/nsikar.com\/?page_id=179"},"modified":"2012-02-23T18:35:43","modified_gmt":"2012-02-23T18:35:43","slug":"ns-ikar-2003","status":"publish","type":"page","link":"https:\/\/www.nsikar.com\/?page_id=179","title":{"rendered":"NS Ikar 2003"},"content":{"rendered":"<p style=\"text-align: left;\">\u00a010. &#8220;Novosadski Ikar&#8221; je odr\u017ean 14. Juna 2003. na sportskom aerodromu \u010cenej kod Novog Sada u sklopu proslave 80. godi\u0161njice Aerokluba &#8220;Novi Sad&#8221;<br \/>\nPo prvi put je u Srbiji odr\u017eano maketarsko takmi\u010denje na\u00a0 nesvakida\u0161njem mestu, sportskom\u00a0 aerodromu. Dok\u00a0 su po lepom vremenu letelice u\u010destvovale na aeromitingu povodom proslave Aerokluba u hladovini hangara se odr\u017eavalo maketarsko takmi\u010denje.<\/p>\n<h2 style=\"text-align: center;\"><a href=\"http:\/\/nsikar.com\/wp-content\/uploads\/2012\/02\/NS%20Ikar%202003%20rezultati.htm\">Rezultati<\/a><\/h2>\nngg_shortcode_0_placeholder\n<p>&nbsp;<\/p>\n<p>&nbsp;<\/p>\n","protected":false},"excerpt":{"rendered":"<p>\u00a010. &#8220;Novosadski Ikar&#8221; je odr\u017ean 14. Juna 2003. na sportskom aerodromu \u010cenej kod Novog Sada u sklopu proslave 80. godi\u0161njice Aerokluba &#8220;Novi Sad&#8221; Po prvi put je u Srbiji odr\u017eano maketarsko takmi\u010denje na\u00a0 nesvakida\u0161njem mestu, sportskom\u00a0 aerodromu. Dok\u00a0 su po lepom vremenu letelice u\u010destvovale na aeromitingu povodom proslave Aerokluba u hladovini hangara se odr\u017eavalo maketarsko <a href='https:\/\/www.nsikar.com\/?page_id=179' class='excerpt-more'>[&#8230;]<\/a><\/p>\n","protected":false},"author":1,"featured_media":490,"parent":58,"menu_order":7,"comment_status":"closed","ping_status":"closed","template":"","meta":{"ngg_post_thumbnail":0,"footnotes":""},"class_list":["post-179","page","type-page","status-publish","has-post-thumbnail","hentry","post-seq-1","post-parity-odd","meta-position-corners","fix"],"_links":{"self":[{"href":"https:\/\/www.nsikar.com\/index.php?rest_route=\/wp\/v2\/pages\/179","targetHints":{"allow":["GET"]}}],"collection":[{"href":"https:\/\/www.nsikar.com\/index.php?rest_route=\/wp\/v2\/pages"}],"about":[{"href":"https:\/\/www.nsikar.com\/index.php?rest_route=\/wp\/v2\/types\/page"}],"author":[{"embeddable":true,"href":"https:\/\/www.nsikar.com\/index.php?rest_route=\/wp\/v2\/users\/1"}],"replies":[{"embeddable":true,"href":"https:\/\/www.nsikar.com\/index.php?rest_route=%2Fwp%2Fv2%2Fcomments&post=179"}],"version-history":[{"count":23,"href":"https:\/\/www.nsikar.com\/index.php?rest_route=\/wp\/v2\/pages\/179\/revisions"}],"predecessor-version":[{"id":475,"href":"https:\/\/www.nsikar.com\/index.php?rest_route=\/wp\/v2\/pages\/179\/revisions\/475"}],"up":[{"embeddable":true,"href":"https:\/\/www.nsikar.com\/index.php?rest_route=\/wp\/v2\/pages\/58"}],"wp:featuredmedia":[{"embeddable":true,"href":"https:\/\/www.nsikar.com\/index.php?rest_route=\/wp\/v2\/media\/490"}],"wp:attachment":[{"href":"https:\/\/www.nsikar.com\/index.php?rest_route=%2Fwp%2Fv2%2Fmedia&parent=179"}],"curies":[{"name":"wp","href":"https:\/\/api.w.org\/{rel}","templated":true}]}}