{"id":133,"date":"2012-02-15T22:37:34","date_gmt":"2012-02-15T22:37:34","guid":{"rendered":"http:\/\/nsikar.com\/?page_id=133"},"modified":"2024-08-25T23:45:28","modified_gmt":"2024-08-25T21:45:28","slug":"kontakt","status":"publish","type":"page","link":"https:\/\/www.nsikar.com\/?page_id=133","title":{"rendered":"Lokacija i kontakt"},"content":{"rendered":"<p style=\"text-align: left;\">MK \u201d Novosadski Ikar \u201d iz Novog Sada svoje sastanke i ostale aktivnosti odrzava u svojim prostorijama&nbsp;koje se nalaze na adresi \u0106irpanpova 33 u Novom Sadu (ulaz iz Takovske).<br \/>\nKolege maketare i sve ljubitelji ovog plemenitog hobija&nbsp; srda\u010dno o\u010dekujemo da do\u0111u i svojim prisustvom uveli\u010daju na\u0161a okupljanja koja se odr\u017eavaju svakog ponedeljka sa po\u010detkom u 18 \u010dasova.<\/p>\n<h4>Kontakt<\/h4>\n<p>aleksandarsvilokos@nsikar.com<\/p>\n<p style=\"text-align: left;\">&nbsp;<\/p>\n","protected":false},"excerpt":{"rendered":"<p>MK \u201d Novosadski Ikar \u201d iz Novog Sada svoje sastanke i ostale aktivnosti odrzava u svojim prostorijama&nbsp;koje se nalaze na adresi \u0106irpanpova 33 u Novom Sadu (ulaz iz Takovske). Kolege maketare i sve ljubitelji ovog plemenitog hobija&nbsp; srda\u010dno o\u010dekujemo da do\u0111u i svojim prisustvom uveli\u010daju na\u0161a okupljanja koja se odr\u017eavaju svakog ponedeljka sa po\u010detkom u <a href='https:\/\/www.nsikar.com\/?page_id=133' class='excerpt-more'>[&#8230;]<\/a><\/p>\n","protected":false},"author":1,"featured_media":0,"parent":0,"menu_order":0,"comment_status":"closed","ping_status":"closed","template":"","meta":{"ngg_post_thumbnail":0,"footnotes":""},"class_list":["post-133","page","type-page","status-publish","hentry","post-seq-1","post-parity-odd","meta-position-corners","fix"],"_links":{"self":[{"href":"https:\/\/www.nsikar.com\/index.php?rest_route=\/wp\/v2\/pages\/133","targetHints":{"allow":["GET"]}}],"collection":[{"href":"https:\/\/www.nsikar.com\/index.php?rest_route=\/wp\/v2\/pages"}],"about":[{"href":"https:\/\/www.nsikar.com\/index.php?rest_route=\/wp\/v2\/types\/page"}],"author":[{"embeddable":true,"href":"https:\/\/www.nsikar.com\/index.php?rest_route=\/wp\/v2\/users\/1"}],"replies":[{"embeddable":true,"href":"https:\/\/www.nsikar.com\/index.php?rest_route=%2Fwp%2Fv2%2Fcomments&post=133"}],"version-history":[{"count":45,"href":"https:\/\/www.nsikar.com\/index.php?rest_route=\/wp\/v2\/pages\/133\/revisions"}],"predecessor-version":[{"id":3458,"href":"https:\/\/www.nsikar.com\/index.php?rest_route=\/wp\/v2\/pages\/133\/revisions\/3458"}],"wp:attachment":[{"href":"https:\/\/www.nsikar.com\/index.php?rest_route=%2Fwp%2Fv2%2Fmedia&parent=133"}],"curies":[{"name":"wp","href":"https:\/\/api.w.org\/{rel}","templated":true}]}}