{"id":10,"date":"2012-02-15T12:07:19","date_gmt":"2012-02-15T12:07:19","guid":{"rendered":"http:\/\/85.17.83.204\/~nsikarco\/?page_id=10"},"modified":"2024-05-23T11:23:06","modified_gmt":"2024-05-23T09:23:06","slug":"clanovi","status":"publish","type":"page","link":"https:\/\/www.nsikar.com\/?page_id=10","title":{"rendered":"\u010clanovi"},"content":{"rendered":"<p><strong>\u010c<\/strong><strong>lanovi:<\/strong><\/p>\n<ul>\n<li>Paljo Babjak<\/li>\n<li>Zoran Gajica<\/li>\n<li>Du\u0161an Gazibara<\/li>\n<li>Sini\u0161a Ilin<\/li>\n<li>Marko Jelovac<\/li>\n<li>Peter Jurik<\/li>\n<li>Ostoja Kara\u0107<\/li>\n<li>Viktor Kozlik<\/li>\n<li>Dejan Lazi\u0107<\/li>\n<li>Igor Milankovi\u0107<\/li>\n<li>Franja Na\u0111babi<\/li>\n<li>Velimir Petkovi\u0107<\/li>\n<li>Ivan Risti\u0107<\/li>\n<li>Zoran Siv\u010dev<\/li>\n<li>Nenad Stojanovi\u0107<\/li>\n<li>Bojan Suva\u010darev<\/li>\n<li>Aleksandar Svilokos<\/li>\n<li>Miroslav \u0160ljivi\u0107<\/li>\n<li>Goran Tanurd\u017ei\u0107<\/li>\n<li>Dejan Zurovac<\/li>\n<li>Branka \u017dak<\/li>\n<li>Miodrag \u017dupunski<\/li>\n<\/ul>\n<p><strong>Po\u010dasni \u010dlanovi:<\/strong><\/p>\n<ul>\n<li>Dragan Andjelkovi\u0107<\/li>\n<li>Radovan Jovi\u010di\u0107<\/li>\n<li>Sr\u0111an Konjevi\u0107<\/li>\n<li>Radoslav Paka\u0161ki<\/li>\n<li>Miroslav Sekuli\u0107<\/li>\n<\/ul>\n<p>&nbsp;<\/p>\n<p>&nbsp;<\/p>\n","protected":false},"excerpt":{"rendered":"<p>\u010clanovi: Paljo Babjak Zoran Gajica Du\u0161an Gazibara Sini\u0161a Ilin Marko Jelovac Peter Jurik Ostoja Kara\u0107 Viktor Kozlik Dejan Lazi\u0107 Igor Milankovi\u0107 Franja Na\u0111babi Velimir Petkovi\u0107 Ivan Risti\u0107 Zoran Siv\u010dev Nenad Stojanovi\u0107 Bojan Suva\u010darev Aleksandar Svilokos Miroslav \u0160ljivi\u0107 Goran Tanurd\u017ei\u0107 Dejan Zurovac Branka \u017dak Miodrag \u017dupunski Po\u010dasni \u010dlanovi: Dragan Andjelkovi\u0107 Radovan Jovi\u010di\u0107 Sr\u0111an Konjevi\u0107 Radoslav Paka\u0161ki <a href='https:\/\/www.nsikar.com\/?page_id=10' class='excerpt-more'>[&#8230;]<\/a><\/p>\n","protected":false},"author":1,"featured_media":0,"parent":0,"menu_order":0,"comment_status":"closed","ping_status":"closed","template":"","meta":{"ngg_post_thumbnail":0,"footnotes":""},"class_list":["post-10","page","type-page","status-publish","hentry","post-seq-1","post-parity-odd","meta-position-corners","fix"],"_links":{"self":[{"href":"https:\/\/www.nsikar.com\/index.php?rest_route=\/wp\/v2\/pages\/10","targetHints":{"allow":["GET"]}}],"collection":[{"href":"https:\/\/www.nsikar.com\/index.php?rest_route=\/wp\/v2\/pages"}],"about":[{"href":"https:\/\/www.nsikar.com\/index.php?rest_route=\/wp\/v2\/types\/page"}],"author":[{"embeddable":true,"href":"https:\/\/www.nsikar.com\/index.php?rest_route=\/wp\/v2\/users\/1"}],"replies":[{"embeddable":true,"href":"https:\/\/www.nsikar.com\/index.php?rest_route=%2Fwp%2Fv2%2Fcomments&post=10"}],"version-history":[{"count":54,"href":"https:\/\/www.nsikar.com\/index.php?rest_route=\/wp\/v2\/pages\/10\/revisions"}],"predecessor-version":[{"id":3447,"href":"https:\/\/www.nsikar.com\/index.php?rest_route=\/wp\/v2\/pages\/10\/revisions\/3447"}],"wp:attachment":[{"href":"https:\/\/www.nsikar.com\/index.php?rest_route=%2Fwp%2Fv2%2Fmedia&parent=10"}],"curies":[{"name":"wp","href":"https:\/\/api.w.org\/{rel}","templated":true}]}}