{"id":60,"date":"2012-02-15T12:07:09","date_gmt":"2012-02-15T12:07:09","guid":{"rendered":"http:\/\/nsikar.com\/?page_id=60"},"modified":"2012-02-26T11:21:46","modified_gmt":"2012-02-26T11:21:46","slug":"ns-ikar-1993","status":"publish","type":"page","link":"http:\/\/www.nsikar.com\/?page_id=60","title":{"rendered":"NS Ikar 1993"},"content":{"rendered":"<p>Prvo maketarsko takmicenje u SRJ je odr\u017eanu u organizaciji Maketarske sekcije\u00a0 Novosadskog Aerokluba pod nazivom\u00a0 &#8220;Kup Na\u0161a Krila&#8221;. Odr\u017eano je u Novm Sadu 18. Decembra 1993.god. u muzeju Vojvodine\u00a0 povodom obele\u017eavanja 70. godi\u0161njice Aerokluba Novi Sad, 40. godi\u0161njice aerodroma \u010cenej i 90. godi\u0161njice prvog leta avionom bra\u0107e Wright.<br \/>\nNagradu za 1. mesto\u00a0 u generalnom plasmanu i statuu \u201cNovosadski Ikar\u201d osvojio je Dragan Muni\u017eaba sa maketom Me-109 E3 u 1\/72<br \/>\nNa takmi\u010denju je u\u010destvovalo 15 takmo\u010dara sa 26 vazduhoplovnih maketa.<\/p>\nngg_shortcode_0_placeholder\n<p>&nbsp;<\/p>\n","protected":false},"excerpt":{"rendered":"<p>Prvo maketarsko takmicenje u SRJ je odr\u017eanu u organizaciji Maketarske sekcije\u00a0 Novosadskog Aerokluba pod nazivom\u00a0 &#8220;Kup Na\u0161a Krila&#8221;. Odr\u017eano je u Novm Sadu 18. Decembra 1993.god. u muzeju Vojvodine\u00a0 povodom obele\u017eavanja 70. godi\u0161njice Aerokluba Novi Sad, 40. godi\u0161njice aerodroma \u010cenej i 90. godi\u0161njice prvog leta avionom bra\u0107e Wright. Nagradu za 1. mesto\u00a0 u generalnom plasmanu <a href='http:\/\/www.nsikar.com\/?page_id=60' class='excerpt-more'>[&#8230;]<\/a><\/p>\n","protected":false},"author":1,"featured_media":0,"parent":58,"menu_order":0,"comment_status":"closed","ping_status":"closed","template":"","meta":{"ngg_post_thumbnail":0,"footnotes":""},"class_list":["post-60","page","type-page","status-publish","hentry","post-seq-1","post-parity-odd","meta-position-corners","fix"],"_links":{"self":[{"href":"http:\/\/www.nsikar.com\/index.php?rest_route=\/wp\/v2\/pages\/60","targetHints":{"allow":["GET"]}}],"collection":[{"href":"http:\/\/www.nsikar.com\/index.php?rest_route=\/wp\/v2\/pages"}],"about":[{"href":"http:\/\/www.nsikar.com\/index.php?rest_route=\/wp\/v2\/types\/page"}],"author":[{"embeddable":true,"href":"http:\/\/www.nsikar.com\/index.php?rest_route=\/wp\/v2\/users\/1"}],"replies":[{"embeddable":true,"href":"http:\/\/www.nsikar.com\/index.php?rest_route=%2Fwp%2Fv2%2Fcomments&post=60"}],"version-history":[{"count":10,"href":"http:\/\/www.nsikar.com\/index.php?rest_route=\/wp\/v2\/pages\/60\/revisions"}],"predecessor-version":[{"id":150,"href":"http:\/\/www.nsikar.com\/index.php?rest_route=\/wp\/v2\/pages\/60\/revisions\/150"}],"up":[{"embeddable":true,"href":"http:\/\/www.nsikar.com\/index.php?rest_route=\/wp\/v2\/pages\/58"}],"wp:attachment":[{"href":"http:\/\/www.nsikar.com\/index.php?rest_route=%2Fwp%2Fv2%2Fmedia&parent=60"}],"curies":[{"name":"wp","href":"https:\/\/api.w.org\/{rel}","templated":true}]}}